{"id":9184,"date":"2020-07-17T16:47:34","date_gmt":"2020-07-17T13:47:34","guid":{"rendered":"http:\/\/ucsanplastik.com\/?page_id=919"},"modified":"2020-07-17T16:47:34","modified_gmt":"2020-07-17T13:47:34","slug":"raw-materials-we-use-in-production","status":"publish","type":"page","link":"http:\/\/ucsanplastik.com\/tr\/raw-materials-we-use-in-production\/","title":{"rendered":"\u00dcRET\u0130MDE KULLANDI\u011eIMIZ HAMMADDE"},"content":{"rendered":"","protected":false},"excerpt":{"rendered":"","protected":false},"author":1,"featured_media":0,"parent":0,"menu_order":2,"comment_status":"closed","ping_status":"closed","template":"","meta":{"footnotes":""},"_links":{"self":[{"href":"http:\/\/ucsanplastik.com\/tr\/wp-json\/wp\/v2\/pages\/9184"}],"collection":[{"href":"http:\/\/ucsanplastik.com\/tr\/wp-json\/wp\/v2\/pages"}],"about":[{"href":"http:\/\/ucsanplastik.com\/tr\/wp-json\/wp\/v2\/types\/page"}],"author":[{"embeddable":true,"href":"http:\/\/ucsanplastik.com\/tr\/wp-json\/wp\/v2\/users\/1"}],"replies":[{"embeddable":true,"href":"http:\/\/ucsanplastik.com\/tr\/wp-json\/wp\/v2\/comments?post=9184"}],"version-history":[{"count":0,"href":"http:\/\/ucsanplastik.com\/tr\/wp-json\/wp\/v2\/pages\/9184\/revisions"}],"wp:attachment":[{"href":"http:\/\/ucsanplastik.com\/tr\/wp-json\/wp\/v2\/media?parent=9184"}],"curies":[{"name":"wp","href":"https:\/\/api.w.org\/{rel}","templated":true}]}}