{"id":939,"date":"2020-07-17T16:55:55","date_gmt":"2020-07-17T13:55:55","guid":{"rendered":"http:\/\/ucsanplastik.com\/?page_id=939"},"modified":"2020-07-17T16:55:55","modified_gmt":"2020-07-17T13:55:55","slug":"exhibition-information","status":"publish","type":"page","link":"http:\/\/ucsanplastik.com\/tr\/news\/exhibition-information\/","title":{"rendered":"FUAR B\u0130LG\u0130LER\u0130"},"content":{"rendered":"","protected":false},"excerpt":{"rendered":"","protected":false},"author":1,"featured_media":0,"parent":9169,"menu_order":1,"comment_status":"closed","ping_status":"closed","template":"","meta":{"footnotes":""},"_links":{"self":[{"href":"http:\/\/ucsanplastik.com\/tr\/wp-json\/wp\/v2\/pages\/939"}],"collection":[{"href":"http:\/\/ucsanplastik.com\/tr\/wp-json\/wp\/v2\/pages"}],"about":[{"href":"http:\/\/ucsanplastik.com\/tr\/wp-json\/wp\/v2\/types\/page"}],"author":[{"embeddable":true,"href":"http:\/\/ucsanplastik.com\/tr\/wp-json\/wp\/v2\/users\/1"}],"replies":[{"embeddable":true,"href":"http:\/\/ucsanplastik.com\/tr\/wp-json\/wp\/v2\/comments?post=939"}],"version-history":[{"count":0,"href":"http:\/\/ucsanplastik.com\/tr\/wp-json\/wp\/v2\/pages\/939\/revisions"}],"up":[{"embeddable":true,"href":"http:\/\/ucsanplastik.com\/tr\/wp-json\/wp\/v2\/pages\/9169"}],"wp:attachment":[{"href":"http:\/\/ucsanplastik.com\/tr\/wp-json\/wp\/v2\/media?parent=939"}],"curies":[{"name":"wp","href":"https:\/\/api.w.org\/{rel}","templated":true}]}}