{"id":22584,"date":"2023-01-20T17:54:31","date_gmt":"2023-01-20T14:54:31","guid":{"rendered":"http:\/\/ucsanplastik.com\/?post_type=product&#038;p=22584"},"modified":"2023-01-20T17:54:32","modified_gmt":"2023-01-20T14:54:32","slug":"m-3816-soft-lock-round-food-saver-set-of-three-048-l-085-l-14-l","status":"publish","type":"product","link":"http:\/\/ucsanplastik.com\/tr\/urun\/m-3816-soft-lock-round-food-saver-set-of-three-048-l-085-l-14-l\/","title":{"rendered":"M-3816 &#8211; SOFT &#038; LOCK ROUND FOOD SAVER (Set of Three) (0,48 L + 0,85 L + 1,4 L)"},"content":{"rendered":"<p><strong>KOD NO:<\/strong><\/p>\n<table width=\"945\">\n<tbody>\n<tr>\n<td width=\"945\">M-3816<\/td>\n<\/tr>\n<\/tbody>\n<\/table>\n<p><strong>\u00dcR\u00dcN A\u00c7IKLAMASI<\/strong><\/p>\n<table width=\"945\">\n<tbody>\n<tr>\n<td width=\"945\">SOFT &amp; LOCK FOOD SAVER &#8211; (Set of Three) (0,48 LT + 0,85 LT + 1,4 LT)<\/td>\n<\/tr>\n<\/tbody>\n<\/table>\n<p>&nbsp;<\/p>\n<table width=\"942\">\n<tbody>\n<tr>\n<td width=\"102\"><\/td>\n<td width=\"104\"><\/td>\n<td width=\"108\"><strong>Br\u00fct\u00a0<\/strong><\/td>\n<td width=\"117\"><strong>Net\u00a0<\/strong><\/td>\n<td width=\"189\"><\/td>\n<td width=\"196\"><\/td>\n<\/tr>\n<tr>\n<td><strong>Miktar<\/strong><\/td>\n<td><strong>Koli<\/strong><\/td>\n<td><strong>Koli<\/strong><\/td>\n<td><strong>Koli<\/strong><\/td>\n<td><strong>Kutu<\/strong><\/td>\n<td><\/td>\n<\/tr>\n<tr>\n<td><strong>Koli \u0130\u00e7i<\/strong><\/td>\n<td><strong>Hacim<\/strong><\/td>\n<td><strong>A\u011f\u0131rl\u0131k<\/strong><\/td>\n<td><strong>A\u011f\u0131rl\u0131k<\/strong><\/td>\n<td><strong>Boyutlar (cm)<\/strong><\/td>\n<td><strong>Barkod No:<\/strong><\/td>\n<\/tr>\n<tr>\n<td>24<\/td>\n<td><\/td>\n<td><\/td>\n<td><\/td>\n<td>37 X 37 X 49<\/td>\n<td>\n<table width=\"214\">\n<tbody>\n<tr>\n<td width=\"222\">8691459381608<\/td>\n<\/tr>\n<\/tbody>\n<\/table>\n<\/td>\n<\/tr>\n<\/tbody>\n<\/table>","protected":false},"excerpt":{"rendered":"<p><strong>KOD NO:<\/strong><\/p>\n<table width=\"945\">\n<tbody>\n<tr>\n<td width=\"945\">M-3816<\/td>\n<\/tr>\n<\/tbody>\n<\/table>\n<p><strong>\u00dcR\u00dcN A\u00c7IKLAMASI<\/strong><\/p>\n<table width=\"945\">\n<tbody>\n<tr>\n<td width=\"945\">SOFT &amp; LOCK FOOD SAVER &#8211; (Set of Three) (0,48 LT + 0,85 LT + 1,4 LT)<\/td>\n<\/tr>\n<\/tbody>\n<\/table>\n<p>&nbsp;<\/p>\n<table width=\"942\">\n<tbody>\n<tr>\n<td width=\"102\"><\/td>\n<td width=\"104\"><\/td>\n<td width=\"108\"><strong>Br\u00fct\u00a0<\/strong><\/td>\n<td width=\"117\"><strong>Net\u00a0<\/strong><\/td>\n<td width=\"189\"><\/td>\n<td width=\"196\"><\/td>\n<\/tr>\n<tr>\n<td><strong>Miktar<\/strong><\/td>\n<td><strong>Koli<\/strong><\/td>\n<td><strong>Koli<\/strong><\/td>\n<td><strong>Koli<\/strong><\/td>\n<td><strong>Kutu<\/strong><\/td>\n<td><\/td>\n<\/tr>\n<tr>\n<td><strong>Koli \u0130\u00e7i<\/strong><\/td>\n<td><strong>Hacim<\/strong><\/td>\n<td><strong>A\u011f\u0131rl\u0131k<\/strong><\/td>\n<td><strong>A\u011f\u0131rl\u0131k<\/strong><\/td>\n<td><strong>Boyutlar (cm)<\/strong><\/td>\n<td><strong>Barkod No:<\/strong><\/td>\n<\/tr>\n<tr>\n<td>24<\/td>\n<td><\/td>\n<td><\/td>\n<td><\/td>\n<td>37 X 37 X 49<\/td>\n<td>\n<table width=\"214\">\n<tbody>\n<tr>\n<td width=\"222\">8691459381608<\/td>\n<\/tr>\n<\/tbody>\n<\/table>\n<\/td>\n<\/tr>\n<\/tbody>\n<\/table>","protected":false},"featured_media":22586,"template":"","meta":[],"product_cat":[498],"product_tag":[221,222],"_links":{"self":[{"href":"http:\/\/ucsanplastik.com\/tr\/wp-json\/wp\/v2\/product\/22584"}],"collection":[{"href":"http:\/\/ucsanplastik.com\/tr\/wp-json\/wp\/v2\/product"}],"about":[{"href":"http:\/\/ucsanplastik.com\/tr\/wp-json\/wp\/v2\/types\/product"}],"wp:featuredmedia":[{"embeddable":true,"href":"http:\/\/ucsanplastik.com\/tr\/wp-json\/wp\/v2\/media\/22586"}],"wp:attachment":[{"href":"http:\/\/ucsanplastik.com\/tr\/wp-json\/wp\/v2\/media?parent=22584"}],"wp:term":[{"taxonomy":"product_cat","embeddable":true,"href":"http:\/\/ucsanplastik.com\/tr\/wp-json\/wp\/v2\/product_cat?post=22584"},{"taxonomy":"product_tag","embeddable":true,"href":"http:\/\/ucsanplastik.com\/tr\/wp-json\/wp\/v2\/product_tag?post=22584"}],"curies":[{"name":"wp","href":"https:\/\/api.w.org\/{rel}","templated":true}]}}