{"id":22681,"date":"2023-07-03T09:12:10","date_gmt":"2023-07-03T06:12:10","guid":{"rendered":"http:\/\/ucsanplastik.com\/?post_type=product&#038;p=22681"},"modified":"2023-07-03T10:47:08","modified_gmt":"2023-07-03T07:47:08","slug":"m-2504-elegant-food-box-collection-11x11x12-cm-09-l","status":"publish","type":"product","link":"http:\/\/ucsanplastik.com\/tr\/urun\/m-2504-elegant-food-box-collection-11x11x12-cm-09-l\/","title":{"rendered":"M-2504 &#8211; ELEGANT ORGANISER STORAGE BOX ( 11x11x12 CM ) 0,9 L"},"content":{"rendered":"<p><strong>KOD NO:<\/strong><\/p>\n<table width=\"874\">\n<tbody>\n<tr>\n<td width=\"945\">M-2504<\/td>\n<\/tr>\n<\/tbody>\n<\/table>\n<p><strong>\u00dcR\u00dcN A\u00c7IKLAMASI<\/strong><\/p>\n<table width=\"403\">\n<tbody>\n<tr>\n<td width=\"945\">\n<table width=\"867\">\n<tbody>\n<tr>\n<td width=\"945\">ELEGANT ORGANISER STORAGE BOX ( 11x11x12 CM ) 0,9 L<\/td>\n<\/tr>\n<\/tbody>\n<\/table>\n<\/td>\n<\/tr>\n<\/tbody>\n<\/table>\n<p>&nbsp;<\/p>\n<table width=\"874\">\n<tbody>\n<tr>\n<td width=\"102\"><\/td>\n<td width=\"104\"><\/td>\n<td width=\"108\"><strong>Br\u00fct\u00a0<\/strong><\/td>\n<td width=\"117\"><strong>Net\u00a0<\/strong><\/td>\n<td width=\"189\"><\/td>\n<td width=\"196\"><\/td>\n<\/tr>\n<tr>\n<td><strong>Miktar<\/strong><\/td>\n<td><strong>Koli<\/strong><\/td>\n<td><strong>Koli<\/strong><\/td>\n<td><strong>Koli<\/strong><\/td>\n<td><strong>Kutu<\/strong><\/td>\n<td><\/td>\n<\/tr>\n<tr>\n<td><strong>Koli \u0130\u00e7i<\/strong><\/td>\n<td><strong>Hacim<\/strong><\/td>\n<td><strong>A\u011f\u0131rl\u0131k<\/strong><\/td>\n<td><strong>A\u011f\u0131rl\u0131k<\/strong><\/td>\n<td><strong>Boyutlar (cm)<\/strong><\/td>\n<td><strong>Barkod No:<\/strong><\/td>\n<\/tr>\n<tr>\n<td>24<\/td>\n<td><\/td>\n<td><\/td>\n<td><\/td>\n<td>45,5x23x36,5<\/td>\n<td>8691459250409<\/td>\n<\/tr>\n<\/tbody>\n<\/table>","protected":false},"excerpt":{"rendered":"<p><strong>KOD NO:<\/strong><\/p>\n<table width=\"874\">\n<tbody>\n<tr>\n<td width=\"945\">M-2504<\/td>\n<\/tr>\n<\/tbody>\n<\/table>\n<p><strong>\u00dcR\u00dcN A\u00c7IKLAMASI<\/strong><\/p>\n<table width=\"403\">\n<tbody>\n<tr>\n<td width=\"945\">\n<table width=\"867\">\n<tbody>\n<tr>\n<td width=\"945\">ELEGANT ORGANISER STORAGE BOX ( 11x11x12 CM ) 0,9 L<\/td>\n<\/tr>\n<\/tbody>\n<\/table>\n<\/td>\n<\/tr>\n<\/tbody>\n<\/table>\n<p>&nbsp;<\/p>\n<table width=\"874\">\n<tbody>\n<tr>\n<td width=\"102\"><\/td>\n<td width=\"104\"><\/td>\n<td width=\"108\"><strong>Br\u00fct\u00a0<\/strong><\/td>\n<td width=\"117\"><strong>Net\u00a0<\/strong><\/td>\n<td width=\"189\"><\/td>\n<td width=\"196\"><\/td>\n<\/tr>\n<tr>\n<td><strong>Miktar<\/strong><\/td>\n<td><strong>Koli<\/strong><\/td>\n<td><strong>Koli<\/strong><\/td>\n<td><strong>Koli<\/strong><\/td>\n<td><strong>Kutu<\/strong><\/td>\n<td><\/td>\n<\/tr>\n<tr>\n<td><strong>Koli \u0130\u00e7i<\/strong><\/td>\n<td><strong>Hacim<\/strong><\/td>\n<td><strong>A\u011f\u0131rl\u0131k<\/strong><\/td>\n<td><strong>A\u011f\u0131rl\u0131k<\/strong><\/td>\n<td><strong>Boyutlar (cm)<\/strong><\/td>\n<td><strong>Barkod No:<\/strong><\/td>\n<\/tr>\n<tr>\n<td>24<\/td>\n<td><\/td>\n<td><\/td>\n<td><\/td>\n<td>45,5x23x36,5<\/td>\n<td>8691459250409<\/td>\n<\/tr>\n<\/tbody>\n<\/table>","protected":false},"featured_media":22683,"template":"","meta":[],"product_cat":[520],"product_tag":[],"_links":{"self":[{"href":"http:\/\/ucsanplastik.com\/tr\/wp-json\/wp\/v2\/product\/22681"}],"collection":[{"href":"http:\/\/ucsanplastik.com\/tr\/wp-json\/wp\/v2\/product"}],"about":[{"href":"http:\/\/ucsanplastik.com\/tr\/wp-json\/wp\/v2\/types\/product"}],"wp:featuredmedia":[{"embeddable":true,"href":"http:\/\/ucsanplastik.com\/tr\/wp-json\/wp\/v2\/media\/22683"}],"wp:attachment":[{"href":"http:\/\/ucsanplastik.com\/tr\/wp-json\/wp\/v2\/media?parent=22681"}],"wp:term":[{"taxonomy":"product_cat","embeddable":true,"href":"http:\/\/ucsanplastik.com\/tr\/wp-json\/wp\/v2\/product_cat?post=22681"},{"taxonomy":"product_tag","embeddable":true,"href":"http:\/\/ucsanplastik.com\/tr\/wp-json\/wp\/v2\/product_tag?post=22681"}],"curies":[{"name":"wp","href":"https:\/\/api.w.org\/{rel}","templated":true}]}}