{"id":2769,"date":"2020-09-03T03:55:15","date_gmt":"2020-09-03T00:55:15","guid":{"rendered":"http:\/\/ucsanplastik.com\/index.php\/product\/1023-whirlpool-dustbin-with-knit-design-28-x-21-x-325-cm-10-l\/"},"modified":"2021-11-09T14:58:01","modified_gmt":"2021-11-09T11:58:01","slug":"1023-whirlpool-dustbin-with-knit-design-28-x-21-x-325-cm-10-l","status":"publish","type":"product","link":"http:\/\/ucsanplastik.com\/tr\/urun\/1023-whirlpool-dustbin-with-knit-design-28-x-21-x-325-cm-10-l\/","title":{"rendered":"M-1023 &#8211; WHIRLPOOL DUSTBIN WITH KNIT DESIGN (28 X 21 X 32,5 CM ) 10 L"},"content":{"rendered":"<p><strong>KOD NO:<\/strong><\/p>\n<table style=\"height: 34px;\" width=\"869\">\n<tbody>\n<tr>\n<td width=\"945\">M-1023<\/td>\n<\/tr>\n<\/tbody>\n<\/table>\n<p><strong>\u00dcR\u00dcN A\u00c7IKLAMASI<\/strong><\/p>\n<table style=\"height: 31px;\" width=\"872\">\n<tbody>\n<tr>\n<td width=\"945\">WHIRLPOOL DUSTBIN WITH KNIT DESIGN (28 X 21 X 32,5 CM ) 10 L<\/td>\n<\/tr>\n<\/tbody>\n<\/table>\n<p>&nbsp;<\/p>\n<table style=\"height: 148px;\" width=\"874\">\n<tbody>\n<tr>\n<td width=\"102\"><\/td>\n<td width=\"104\"><\/td>\n<td width=\"108\"><strong>Br\u00fct\u00a0<\/strong><\/td>\n<td width=\"117\"><strong>Net\u00a0<\/strong><\/td>\n<td width=\"189\"><\/td>\n<td width=\"196\"><\/td>\n<\/tr>\n<tr>\n<td><strong>Miktar<\/strong><\/td>\n<td><strong>Koli<\/strong><\/td>\n<td><strong>Koli<\/strong><\/td>\n<td><strong>Koli<\/strong><\/td>\n<td><strong>Kutu<\/strong><\/td>\n<td><\/td>\n<\/tr>\n<tr>\n<td><strong>Koli \u0130\u00e7i<\/strong><\/td>\n<td><strong>Hacim<\/strong><\/td>\n<td><strong>A\u011f\u0131rl\u0131k<\/strong><\/td>\n<td><strong>A\u011f\u0131rl\u0131k<\/strong><\/td>\n<td><strong>Boyutlar (cm)<\/strong><\/td>\n<td><strong>Barkod No:<\/strong><\/td>\n<\/tr>\n<tr>\n<td>12<\/td>\n<td>0,087<\/td>\n<td>7,176<\/td>\n<td>6,456<\/td>\n<td>43 X 29 X 70<\/td>\n<td>\n<table style=\"height: 33px;\" width=\"214\">\n<tbody>\n<tr>\n<td width=\"222\">8691459102302<\/td>\n<\/tr>\n<\/tbody>\n<\/table>\n<\/td>\n<\/tr>\n<\/tbody>\n<\/table>","protected":false},"excerpt":{"rendered":"<p><strong>KOD NO:<\/strong><\/p>\n<table style=\"height: 34px;\" width=\"869\">\n<tbody>\n<tr>\n<td width=\"945\">M-1023<\/td>\n<\/tr>\n<\/tbody>\n<\/table>\n<p><strong>\u00dcR\u00dcN A\u00c7IKLAMASI<\/strong><\/p>\n<table style=\"height: 31px;\" width=\"872\">\n<tbody>\n<tr>\n<td width=\"945\">WHIRLPOOL DUSTBIN WITH KNIT DESIGN (28 X 21 X 32,5 CM ) 10 L<\/td>\n<\/tr>\n<\/tbody>\n<\/table>\n<p>&nbsp;<\/p>\n<table style=\"height: 148px;\" width=\"874\">\n<tbody>\n<tr>\n<td width=\"102\"><\/td>\n<td width=\"104\"><\/td>\n<td width=\"108\"><strong>Br\u00fct\u00a0<\/strong><\/td>\n<td width=\"117\"><strong>Net\u00a0<\/strong><\/td>\n<td width=\"189\"><\/td>\n<td width=\"196\"><\/td>\n<\/tr>\n<tr>\n<td><strong>Miktar<\/strong><\/td>\n<td><strong>Koli<\/strong><\/td>\n<td><strong>Koli<\/strong><\/td>\n<td><strong>Koli<\/strong><\/td>\n<td><strong>Kutu<\/strong><\/td>\n<td><\/td>\n<\/tr>\n<tr>\n<td><strong>Koli \u0130\u00e7i<\/strong><\/td>\n<td><strong>Hacim<\/strong><\/td>\n<td><strong>A\u011f\u0131rl\u0131k<\/strong><\/td>\n<td><strong>A\u011f\u0131rl\u0131k<\/strong><\/td>\n<td><strong>Boyutlar (cm)<\/strong><\/td>\n<td><strong>Barkod No:<\/strong><\/td>\n<\/tr>\n<tr>\n<td>12<\/td>\n<td>0,087<\/td>\n<td>7,176<\/td>\n<td>6,456<\/td>\n<td>43 X 29 X 70<\/td>\n<td>\n<table style=\"height: 33px;\" width=\"214\">\n<tbody>\n<tr>\n<td width=\"222\">8691459102302<\/td>\n<\/tr>\n<\/tbody>\n<\/table>\n<\/td>\n<\/tr>\n<\/tbody>\n<\/table>","protected":false},"featured_media":3288,"template":"","meta":[],"product_cat":[91,83,93],"product_tag":[],"_links":{"self":[{"href":"http:\/\/ucsanplastik.com\/tr\/wp-json\/wp\/v2\/product\/2769"}],"collection":[{"href":"http:\/\/ucsanplastik.com\/tr\/wp-json\/wp\/v2\/product"}],"about":[{"href":"http:\/\/ucsanplastik.com\/tr\/wp-json\/wp\/v2\/types\/product"}],"wp:featuredmedia":[{"embeddable":true,"href":"http:\/\/ucsanplastik.com\/tr\/wp-json\/wp\/v2\/media\/3288"}],"wp:attachment":[{"href":"http:\/\/ucsanplastik.com\/tr\/wp-json\/wp\/v2\/media?parent=2769"}],"wp:term":[{"taxonomy":"product_cat","embeddable":true,"href":"http:\/\/ucsanplastik.com\/tr\/wp-json\/wp\/v2\/product_cat?post=2769"},{"taxonomy":"product_tag","embeddable":true,"href":"http:\/\/ucsanplastik.com\/tr\/wp-json\/wp\/v2\/product_tag?post=2769"}],"curies":[{"name":"wp","href":"https:\/\/api.w.org\/{rel}","templated":true}]}}