{"id":3015,"date":"2020-09-03T05:12:14","date_gmt":"2020-09-03T02:12:14","guid":{"rendered":"http:\/\/ucsanplastik.com\/product\/1028-frigo-food-box-14-x-125-x-10-cm-11-l\/"},"modified":"2021-11-09T14:58:26","modified_gmt":"2021-11-09T11:58:26","slug":"1028-frigo-food-box-14-x-125-x-10-cm-11-l","status":"publish","type":"product","link":"http:\/\/ucsanplastik.com\/tr\/urun\/1028-frigo-food-box-14-x-125-x-10-cm-11-l\/","title":{"rendered":"M-1028 &#8211; FRIGO FOOD BOX ( 14 x 12,5 x 10 CM) 1,1 L"},"content":{"rendered":"<p><strong>KOD NO:<\/strong><\/p>\n<table style=\"height: 34px;\" width=\"869\">\n<tbody>\n<tr>\n<td width=\"945\">M-1028<\/td>\n<\/tr>\n<\/tbody>\n<\/table>\n<p><strong>\u00dcR\u00dcN A\u00c7IKLAMASI<\/strong><\/p>\n<table style=\"height: 22px;\" width=\"403\">\n<tbody>\n<tr>\n<td width=\"945\">\n<table style=\"height: 34px;\" width=\"862\">\n<tbody>\n<tr>\n<td width=\"945\">FRIGO FOOD BOX (14 x 12,5 x 10 CM) 1,1 L<\/td>\n<\/tr>\n<\/tbody>\n<\/table>\n<\/td>\n<\/tr>\n<\/tbody>\n<\/table>\n<p>&nbsp;<\/p>\n<table style=\"height: 148px;\" width=\"874\">\n<tbody>\n<tr>\n<td width=\"102\"><\/td>\n<td width=\"104\"><\/td>\n<td width=\"108\"><strong>Br\u00fct\u00a0<\/strong><\/td>\n<td width=\"117\"><strong>Net\u00a0<\/strong><\/td>\n<td width=\"189\"><\/td>\n<td width=\"196\"><\/td>\n<\/tr>\n<tr>\n<td><strong>Miktar<\/strong><\/td>\n<td><strong>Koli<\/strong><\/td>\n<td><strong>Koli<\/strong><\/td>\n<td><strong>Koli<\/strong><\/td>\n<td><strong>Kutu<\/strong><\/td>\n<td><\/td>\n<\/tr>\n<tr>\n<td><strong>Koli \u0130\u00e7i<\/strong><\/td>\n<td><strong>Hacim<\/strong><\/td>\n<td><strong>A\u011f\u0131rl\u0131k<\/strong><\/td>\n<td><strong>A\u011f\u0131rl\u0131k<\/strong><\/td>\n<td><strong>Boyutlar (cm)<\/strong><\/td>\n<td><strong>Barkod No:<\/strong><\/td>\n<\/tr>\n<tr>\n<td>24<\/td>\n<td>0,046<\/td>\n<td>2,995<\/td>\n<td>2,544<\/td>\n<td>30 X 27 X 35<\/td>\n<td>\n<table style=\"height: 33px;\" width=\"214\">\n<tbody>\n<tr>\n<td width=\"222\">8691459102807<\/td>\n<\/tr>\n<\/tbody>\n<\/table>\n<\/td>\n<\/tr>\n<\/tbody>\n<\/table>","protected":false},"excerpt":{"rendered":"<p><strong>KOD NO:<\/strong><\/p>\n<table style=\"height: 34px;\" width=\"869\">\n<tbody>\n<tr>\n<td width=\"945\">M-1028<\/td>\n<\/tr>\n<\/tbody>\n<\/table>\n<p><strong>\u00dcR\u00dcN A\u00c7IKLAMASI<\/strong><\/p>\n<table style=\"height: 22px;\" width=\"403\">\n<tbody>\n<tr>\n<td width=\"945\">\n<table style=\"height: 34px;\" width=\"862\">\n<tbody>\n<tr>\n<td width=\"945\">FRIGO FOOD BOX (14 x 12,5 x 10 CM) 1,1 L<\/td>\n<\/tr>\n<\/tbody>\n<\/table>\n<\/td>\n<\/tr>\n<\/tbody>\n<\/table>\n<p>&nbsp;<\/p>\n<table style=\"height: 148px;\" width=\"874\">\n<tbody>\n<tr>\n<td width=\"102\"><\/td>\n<td width=\"104\"><\/td>\n<td width=\"108\"><strong>Br\u00fct\u00a0<\/strong><\/td>\n<td width=\"117\"><strong>Net\u00a0<\/strong><\/td>\n<td width=\"189\"><\/td>\n<td width=\"196\"><\/td>\n<\/tr>\n<tr>\n<td><strong>Miktar<\/strong><\/td>\n<td><strong>Koli<\/strong><\/td>\n<td><strong>Koli<\/strong><\/td>\n<td><strong>Koli<\/strong><\/td>\n<td><strong>Kutu<\/strong><\/td>\n<td><\/td>\n<\/tr>\n<tr>\n<td><strong>Koli \u0130\u00e7i<\/strong><\/td>\n<td><strong>Hacim<\/strong><\/td>\n<td><strong>A\u011f\u0131rl\u0131k<\/strong><\/td>\n<td><strong>A\u011f\u0131rl\u0131k<\/strong><\/td>\n<td><strong>Boyutlar (cm)<\/strong><\/td>\n<td><strong>Barkod No:<\/strong><\/td>\n<\/tr>\n<tr>\n<td>24<\/td>\n<td>0,046<\/td>\n<td>2,995<\/td>\n<td>2,544<\/td>\n<td>30 X 27 X 35<\/td>\n<td>\n<table style=\"height: 33px;\" width=\"214\">\n<tbody>\n<tr>\n<td width=\"222\">8691459102807<\/td>\n<\/tr>\n<\/tbody>\n<\/table>\n<\/td>\n<\/tr>\n<\/tbody>\n<\/table>","protected":false},"featured_media":15965,"template":"","meta":[],"product_cat":[95,69],"product_tag":[],"_links":{"self":[{"href":"http:\/\/ucsanplastik.com\/tr\/wp-json\/wp\/v2\/product\/3015"}],"collection":[{"href":"http:\/\/ucsanplastik.com\/tr\/wp-json\/wp\/v2\/product"}],"about":[{"href":"http:\/\/ucsanplastik.com\/tr\/wp-json\/wp\/v2\/types\/product"}],"wp:featuredmedia":[{"embeddable":true,"href":"http:\/\/ucsanplastik.com\/tr\/wp-json\/wp\/v2\/media\/15965"}],"wp:attachment":[{"href":"http:\/\/ucsanplastik.com\/tr\/wp-json\/wp\/v2\/media?parent=3015"}],"wp:term":[{"taxonomy":"product_cat","embeddable":true,"href":"http:\/\/ucsanplastik.com\/tr\/wp-json\/wp\/v2\/product_cat?post=3015"},{"taxonomy":"product_tag","embeddable":true,"href":"http:\/\/ucsanplastik.com\/tr\/wp-json\/wp\/v2\/product_tag?post=3015"}],"curies":[{"name":"wp","href":"https:\/\/api.w.org\/{rel}","templated":true}]}}