{"id":4157,"date":"2020-09-04T14:50:18","date_gmt":"2020-09-04T11:50:18","guid":{"rendered":"http:\/\/ucsanplastik.com\/index.php\/product\/895-trendy-elegant-food-saver-with-iml-design-195x195x11-cm-26-l\/"},"modified":"2021-11-09T14:59:43","modified_gmt":"2021-11-09T11:59:43","slug":"895-trendy-elegant-food-saver-with-iml-design-195x195x11-cm-26-l","status":"publish","type":"product","link":"http:\/\/ucsanplastik.com\/tr\/urun\/895-trendy-elegant-food-saver-with-iml-design-195x195x11-cm-26-l\/","title":{"rendered":"M-895 &#8211; TRENDY ELEGANT FOOD SAVER WITH IML DESIGN (19,5&#215;19,5&#215;11 CM ) 2,6 L"},"content":{"rendered":"<p><strong>KOD NO:<\/strong><\/p>\n<table style=\"height: 34px;\" width=\"869\">\n<tbody>\n<tr>\n<td width=\"945\">M-895<\/td>\n<\/tr>\n<\/tbody>\n<\/table>\n<p><strong>\u00dcR\u00dcN A\u00c7IKLAMASI<\/strong><\/p>\n<table style=\"height: 22px;\" width=\"403\">\n<tbody>\n<tr>\n<td width=\"945\">\n<table style=\"height: 31px;\" width=\"868\">\n<tbody>\n<tr>\n<td width=\"945\">TRENDY ELEGANT FOOD SAVER WITH IML DESIGN (19,5&#215;19,5&#215;11 CM ) 2,6 L<\/td>\n<\/tr>\n<\/tbody>\n<\/table>\n<\/td>\n<\/tr>\n<\/tbody>\n<\/table>\n<p>&nbsp;<\/p>\n<table style=\"height: 148px;\" width=\"874\">\n<tbody>\n<tr>\n<td width=\"102\"><\/td>\n<td width=\"104\"><\/td>\n<td width=\"108\"><strong>Br\u00fct\u00a0<\/strong><\/td>\n<td width=\"117\"><strong>Net\u00a0<\/strong><\/td>\n<td width=\"189\"><\/td>\n<td width=\"196\"><\/td>\n<\/tr>\n<tr>\n<td><strong>Miktar<\/strong><\/td>\n<td><strong>Koli<\/strong><\/td>\n<td><strong>Koli<\/strong><\/td>\n<td><strong>Koli<\/strong><\/td>\n<td><strong>Kutu<\/strong><\/td>\n<td><\/td>\n<\/tr>\n<tr>\n<td><strong>Koli \u0130\u00e7i<\/strong><\/td>\n<td><strong>Hacim<\/strong><\/td>\n<td><strong>A\u011f\u0131rl\u0131k<\/strong><\/td>\n<td><strong>A\u011f\u0131rl\u0131k<\/strong><\/td>\n<td><strong>Boyutlar (cm)<\/strong><\/td>\n<td><strong>Barkod No:<\/strong><\/td>\n<\/tr>\n<tr>\n<td>24<\/td>\n<td>0,110<\/td>\n<td>6,050<\/td>\n<td>5,160<\/td>\n<td>40 X 40 X 68,5<\/td>\n<td>\n<table style=\"height: 33px;\" width=\"214\">\n<tbody>\n<tr>\n<td width=\"222\">8691459895006<\/td>\n<\/tr>\n<\/tbody>\n<\/table>\n<\/td>\n<\/tr>\n<\/tbody>\n<\/table>","protected":false},"excerpt":{"rendered":"<p><strong>KOD NO:<\/strong><\/p>\n<table style=\"height: 34px;\" width=\"869\">\n<tbody>\n<tr>\n<td width=\"945\">M-895<\/td>\n<\/tr>\n<\/tbody>\n<\/table>\n<p><strong>\u00dcR\u00dcN A\u00c7IKLAMASI<\/strong><\/p>\n<table style=\"height: 22px;\" width=\"403\">\n<tbody>\n<tr>\n<td width=\"945\">\n<table style=\"height: 31px;\" width=\"868\">\n<tbody>\n<tr>\n<td width=\"945\">TRENDY ELEGANT FOOD SAVER WITH IML DESIGN (19,5&#215;19,5&#215;11 CM ) 2,6 L<\/td>\n<\/tr>\n<\/tbody>\n<\/table>\n<\/td>\n<\/tr>\n<\/tbody>\n<\/table>\n<p>&nbsp;<\/p>\n<table style=\"height: 148px;\" width=\"874\">\n<tbody>\n<tr>\n<td width=\"102\"><\/td>\n<td width=\"104\"><\/td>\n<td width=\"108\"><strong>Br\u00fct\u00a0<\/strong><\/td>\n<td width=\"117\"><strong>Net\u00a0<\/strong><\/td>\n<td width=\"189\"><\/td>\n<td width=\"196\"><\/td>\n<\/tr>\n<tr>\n<td><strong>Miktar<\/strong><\/td>\n<td><strong>Koli<\/strong><\/td>\n<td><strong>Koli<\/strong><\/td>\n<td><strong>Koli<\/strong><\/td>\n<td><strong>Kutu<\/strong><\/td>\n<td><\/td>\n<\/tr>\n<tr>\n<td><strong>Koli \u0130\u00e7i<\/strong><\/td>\n<td><strong>Hacim<\/strong><\/td>\n<td><strong>A\u011f\u0131rl\u0131k<\/strong><\/td>\n<td><strong>A\u011f\u0131rl\u0131k<\/strong><\/td>\n<td><strong>Boyutlar (cm)<\/strong><\/td>\n<td><strong>Barkod No:<\/strong><\/td>\n<\/tr>\n<tr>\n<td>24<\/td>\n<td>0,110<\/td>\n<td>6,050<\/td>\n<td>5,160<\/td>\n<td>40 X 40 X 68,5<\/td>\n<td>\n<table style=\"height: 33px;\" width=\"214\">\n<tbody>\n<tr>\n<td width=\"222\">8691459895006<\/td>\n<\/tr>\n<\/tbody>\n<\/table>\n<\/td>\n<\/tr>\n<\/tbody>\n<\/table>","protected":false},"featured_media":4158,"template":"","meta":[],"product_cat":[69,109],"product_tag":[],"_links":{"self":[{"href":"http:\/\/ucsanplastik.com\/tr\/wp-json\/wp\/v2\/product\/4157"}],"collection":[{"href":"http:\/\/ucsanplastik.com\/tr\/wp-json\/wp\/v2\/product"}],"about":[{"href":"http:\/\/ucsanplastik.com\/tr\/wp-json\/wp\/v2\/types\/product"}],"wp:featuredmedia":[{"embeddable":true,"href":"http:\/\/ucsanplastik.com\/tr\/wp-json\/wp\/v2\/media\/4158"}],"wp:attachment":[{"href":"http:\/\/ucsanplastik.com\/tr\/wp-json\/wp\/v2\/media?parent=4157"}],"wp:term":[{"taxonomy":"product_cat","embeddable":true,"href":"http:\/\/ucsanplastik.com\/tr\/wp-json\/wp\/v2\/product_cat?post=4157"},{"taxonomy":"product_tag","embeddable":true,"href":"http:\/\/ucsanplastik.com\/tr\/wp-json\/wp\/v2\/product_tag?post=4157"}],"curies":[{"name":"wp","href":"https:\/\/api.w.org\/{rel}","templated":true}]}}